{"id":223,"date":"2025-03-23T15:29:03","date_gmt":"2025-03-23T15:29:03","guid":{"rendered":"https:\/\/teameffect.hr\/?page_id=223"},"modified":"2025-10-12T16:18:41","modified_gmt":"2025-10-12T16:18:41","slug":"usluge","status":"publish","type":"page","link":"https:\/\/teameffect.hr\/hr\/usluge\/","title":{"rendered":"Usluge"},"content":{"rendered":"\t\t<div data-elementor-type=\"wp-page\" data-elementor-id=\"223\" class=\"elementor elementor-223\">\n\t\t\t\t<div class=\"elementor-element elementor-element-fc0df39 e-flex e-con-boxed e-con e-parent\" data-id=\"fc0df39\" data-element_type=\"container\" data-e-type=\"container\" data-settings=\"{&quot;background_background&quot;:&quot;classic&quot;}\">\n\t\t\t\t\t<div class=\"e-con-inner\">\n\t\t\t\t<div class=\"elementor-element elementor-element-53b1250 elementor-widget elementor-widget-heading\" data-id=\"53b1250\" data-element_type=\"widget\" data-e-type=\"widget\" data-widget_type=\"heading.default\">\n\t\t\t\t<div class=\"elementor-widget-container\">\n\t\t\t\t\t<h2 class=\"elementor-heading-title elementor-size-default\">Usluge<\/h2>\t\t\t\t<\/div>\n\t\t\t\t<\/div>\n\t\t\t\t\t<\/div>\n\t\t\t\t<\/div>\n\t\t<div class=\"elementor-element elementor-element-77cd440 e-flex e-con-boxed e-con e-parent\" data-id=\"77cd440\" data-element_type=\"container\" data-e-type=\"container\">\n\t\t\t\t\t<div class=\"e-con-inner\">\n\t\t\t\t<div class=\"elementor-element elementor-element-f4298ae elementor-align-center elementor-widget elementor-widget-button\" data-id=\"f4298ae\" data-element_type=\"widget\" data-e-type=\"widget\" data-widget_type=\"button.default\">\n\t\t\t\t<div class=\"elementor-widget-container\">\n\t\t\t\t\t\t\t\t\t<div class=\"elementor-button-wrapper\">\n\t\t\t\t\t<a class=\"elementor-button elementor-button-link elementor-size-sm\" href=\"https:\/\/teameffect.hr\/kontakt\/\">\n\t\t\t\t\t\t<span class=\"elementor-button-content-wrapper\">\n\t\t\t\t\t\t\t\t\t<span class=\"elementor-button-text\">Kontaktirajte nas za ponudu<\/span>\n\t\t\t\t\t<\/span>\n\t\t\t\t\t<\/a>\n\t\t\t\t<\/div>\n\t\t\t\t\t\t\t\t<\/div>\n\t\t\t\t<\/div>\n\t\t\t\t\t<\/div>\n\t\t\t\t<\/div>\n\t\t<div class=\"elementor-element elementor-element-4a3e734 e-flex e-con-boxed e-con e-parent\" data-id=\"4a3e734\" data-element_type=\"container\" data-e-type=\"container\">\n\t\t\t\t\t<div class=\"e-con-inner\">\n\t\t<div class=\"elementor-element elementor-element-cf68d59 e-con-full e-flex e-con e-child\" data-id=\"cf68d59\" data-element_type=\"container\" data-e-type=\"container\">\n\t\t\t\t<div class=\"elementor-element elementor-element-b1c1b8e elementor-widget elementor-widget-image\" data-id=\"b1c1b8e\" data-element_type=\"widget\" data-e-type=\"widget\" data-widget_type=\"image.default\">\n\t\t\t\t<div class=\"elementor-widget-container\">\n\t\t\t\t\t\t\t\t\t\t\t\t\t\t\t<img fetchpriority=\"high\" decoding=\"async\" width=\"683\" height=\"1024\" src=\"https:\/\/i0.wp.com\/teameffect.hr\/wp-content\/uploads\/2025\/03\/pexels-thevibrantmachine-3066867-scaled.webp?fit=683%2C1024&amp;ssl=1\" class=\"attachment-large size-large wp-image-229\" alt=\"cestovni prijevoz\" srcset=\"https:\/\/i0.wp.com\/teameffect.hr\/wp-content\/uploads\/2025\/03\/pexels-thevibrantmachine-3066867-scaled.webp?w=1280&amp;ssl=1 1280w, https:\/\/i0.wp.com\/teameffect.hr\/wp-content\/uploads\/2025\/03\/pexels-thevibrantmachine-3066867-scaled.webp?resize=200%2C300&amp;ssl=1 200w, https:\/\/i0.wp.com\/teameffect.hr\/wp-content\/uploads\/2025\/03\/pexels-thevibrantmachine-3066867-scaled.webp?resize=683%2C1024&amp;ssl=1 683w, https:\/\/i0.wp.com\/teameffect.hr\/wp-content\/uploads\/2025\/03\/pexels-thevibrantmachine-3066867-scaled.webp?resize=768%2C1152&amp;ssl=1 768w, https:\/\/i0.wp.com\/teameffect.hr\/wp-content\/uploads\/2025\/03\/pexels-thevibrantmachine-3066867-scaled.webp?resize=1024%2C1536&amp;ssl=1 1024w, https:\/\/i0.wp.com\/teameffect.hr\/wp-content\/uploads\/2025\/03\/pexels-thevibrantmachine-3066867-scaled.webp?resize=1365%2C2048&amp;ssl=1 1365w\" sizes=\"(max-width: 683px) 100vw, 683px\" \/>\t\t\t\t\t\t\t\t\t\t\t\t\t\t\t<\/div>\n\t\t\t\t<\/div>\n\t\t\t\t<\/div>\n\t\t<div class=\"elementor-element elementor-element-d4b2caa e-con-full e-flex e-con e-child\" data-id=\"d4b2caa\" data-element_type=\"container\" data-e-type=\"container\">\n\t\t\t\t<div class=\"elementor-element elementor-element-45c2658 elementor-widget elementor-widget-heading\" data-id=\"45c2658\" data-element_type=\"widget\" data-e-type=\"widget\" data-widget_type=\"heading.default\">\n\t\t\t\t<div class=\"elementor-widget-container\">\n\t\t\t\t\t<h3 class=\"elementor-heading-title elementor-size-default\">Cestovni prijevoz<\/h3>\t\t\t\t<\/div>\n\t\t\t\t<\/div>\n\t\t\t\t<div class=\"elementor-element elementor-element-5ef0d8d elementor-widget elementor-widget-text-editor\" data-id=\"5ef0d8d\" data-element_type=\"widget\" data-e-type=\"widget\" data-widget_type=\"text-editor.default\">\n\t\t\t\t<div class=\"elementor-widget-container\">\n\t\t\t\t\t\t\t\t\t<p>Team Effect je obrt specijaliziran za cestovni prijevoz robe.<\/p><p>Opremljeni smo kvalitetnim kombi vozilima i licencijama za me\u0111unarodni prijevoz. Sjedi\u0161te nam je u Zagrebu, no poslujemo na podru\u010dju cijele Hrvatske kao i u susjednim zemljama: Sloveniji, Ma\u0111arskoj, \u010ce\u0161koj, Austriji i Italiji.<\/p><p>Na\u0161 profesionalni tim odlikuje se dugogodi\u0161njim voza\u010dkim iskustvom, proaktivnim stavom prema svim zadacima i izazovima te ljubaznom komunikacijom.<\/p>\t\t\t\t\t\t\t\t<\/div>\n\t\t\t\t<\/div>\n\t\t\t\t<\/div>\n\t\t\t\t\t<\/div>\n\t\t\t\t<\/div>\n\t\t<div class=\"elementor-element elementor-element-9207edb e-flex e-con-boxed e-con e-parent\" data-id=\"9207edb\" data-element_type=\"container\" data-e-type=\"container\">\n\t\t\t\t\t<div class=\"e-con-inner\">\n\t\t<div class=\"elementor-element elementor-element-2505b03 e-con-full e-flex e-con e-child\" data-id=\"2505b03\" data-element_type=\"container\" data-e-type=\"container\">\n\t\t\t\t<div class=\"elementor-element elementor-element-9b77745 elementor-widget elementor-widget-image\" data-id=\"9b77745\" data-element_type=\"widget\" data-e-type=\"widget\" data-widget_type=\"image.default\">\n\t\t\t\t<div class=\"elementor-widget-container\">\n\t\t\t\t\t\t\t\t\t\t\t\t\t\t\t<img decoding=\"async\" width=\"1024\" height=\"1024\" src=\"https:\/\/i0.wp.com\/teameffect.hr\/wp-content\/uploads\/2025\/03\/Dostava-paketa.webp?fit=1024%2C1024&amp;ssl=1\" class=\"attachment-large size-large wp-image-236\" alt=\"dostava paketa\" srcset=\"https:\/\/i0.wp.com\/teameffect.hr\/wp-content\/uploads\/2025\/03\/Dostava-paketa.webp?w=1080&amp;ssl=1 1080w, https:\/\/i0.wp.com\/teameffect.hr\/wp-content\/uploads\/2025\/03\/Dostava-paketa.webp?resize=300%2C300&amp;ssl=1 300w, https:\/\/i0.wp.com\/teameffect.hr\/wp-content\/uploads\/2025\/03\/Dostava-paketa.webp?resize=1024%2C1024&amp;ssl=1 1024w, https:\/\/i0.wp.com\/teameffect.hr\/wp-content\/uploads\/2025\/03\/Dostava-paketa.webp?resize=150%2C150&amp;ssl=1 150w, https:\/\/i0.wp.com\/teameffect.hr\/wp-content\/uploads\/2025\/03\/Dostava-paketa.webp?resize=768%2C768&amp;ssl=1 768w\" sizes=\"(max-width: 1024px) 100vw, 1024px\" \/>\t\t\t\t\t\t\t\t\t\t\t\t\t\t\t<\/div>\n\t\t\t\t<\/div>\n\t\t\t\t<\/div>\n\t\t<div class=\"elementor-element elementor-element-d3f9f2c e-con-full e-flex e-con e-child\" data-id=\"d3f9f2c\" data-element_type=\"container\" data-e-type=\"container\">\n\t\t\t\t<div class=\"elementor-element elementor-element-23ec0ce elementor-widget elementor-widget-heading\" data-id=\"23ec0ce\" data-element_type=\"widget\" data-e-type=\"widget\" data-widget_type=\"heading.default\">\n\t\t\t\t<div class=\"elementor-widget-container\">\n\t\t\t\t\t<h3 class=\"elementor-heading-title elementor-size-default\">Distribucija proizvoda<\/h3>\t\t\t\t<\/div>\n\t\t\t\t<\/div>\n\t\t\t\t<div class=\"elementor-element elementor-element-45a594a elementor-widget elementor-widget-text-editor\" data-id=\"45a594a\" data-element_type=\"widget\" data-e-type=\"widget\" data-widget_type=\"text-editor.default\">\n\t\t\t\t<div class=\"elementor-widget-container\">\n\t\t\t\t\t\t\t\t\t<p>Kao prijevoznik u mogu\u0107nosti smo uklju\u010diti se u poslovna, odnosno trgovinska partnerstva, na na\u010din da budemo karika koja povezuje, odnosno preuzima i distribuira robu \u0161iroke potro\u0161nje u dogovoru s poslovnim subjektima.<\/p>\t\t\t\t\t\t\t\t<\/div>\n\t\t\t\t<\/div>\n\t\t\t\t<\/div>\n\t\t\t\t\t<\/div>\n\t\t\t\t<\/div>\n\t\t<div class=\"elementor-element elementor-element-4520dda e-flex e-con-boxed e-con e-parent\" data-id=\"4520dda\" data-element_type=\"container\" data-e-type=\"container\">\n\t\t\t\t\t<div class=\"e-con-inner\">\n\t\t<div class=\"elementor-element elementor-element-652821f e-con-full e-flex e-con e-child\" data-id=\"652821f\" data-element_type=\"container\" data-e-type=\"container\">\n\t\t\t\t<div class=\"elementor-element elementor-element-1961181 elementor-widget elementor-widget-image\" data-id=\"1961181\" data-element_type=\"widget\" data-e-type=\"widget\" data-widget_type=\"image.default\">\n\t\t\t\t<div class=\"elementor-widget-container\">\n\t\t\t\t\t\t\t\t\t\t\t\t\t\t\t<img decoding=\"async\" width=\"683\" height=\"1024\" src=\"https:\/\/i0.wp.com\/teameffect.hr\/wp-content\/uploads\/2025\/03\/pexels-sebastians-2222382-scaled.jpg?fit=683%2C1024&amp;ssl=1\" class=\"attachment-large size-large wp-image-240\" alt=\"opskrba trgovina\" srcset=\"https:\/\/i0.wp.com\/teameffect.hr\/wp-content\/uploads\/2025\/03\/pexels-sebastians-2222382-scaled.jpg?w=1707&amp;ssl=1 1707w, https:\/\/i0.wp.com\/teameffect.hr\/wp-content\/uploads\/2025\/03\/pexels-sebastians-2222382-scaled.jpg?resize=200%2C300&amp;ssl=1 200w, https:\/\/i0.wp.com\/teameffect.hr\/wp-content\/uploads\/2025\/03\/pexels-sebastians-2222382-scaled.jpg?resize=683%2C1024&amp;ssl=1 683w, https:\/\/i0.wp.com\/teameffect.hr\/wp-content\/uploads\/2025\/03\/pexels-sebastians-2222382-scaled.jpg?resize=768%2C1152&amp;ssl=1 768w, https:\/\/i0.wp.com\/teameffect.hr\/wp-content\/uploads\/2025\/03\/pexels-sebastians-2222382-scaled.jpg?resize=1024%2C1536&amp;ssl=1 1024w, https:\/\/i0.wp.com\/teameffect.hr\/wp-content\/uploads\/2025\/03\/pexels-sebastians-2222382-scaled.jpg?resize=1365%2C2048&amp;ssl=1 1365w\" sizes=\"(max-width: 683px) 100vw, 683px\" \/>\t\t\t\t\t\t\t\t\t\t\t\t\t\t\t<\/div>\n\t\t\t\t<\/div>\n\t\t\t\t<\/div>\n\t\t<div class=\"elementor-element elementor-element-1d9e1e7 e-con-full e-flex e-con e-child\" data-id=\"1d9e1e7\" data-element_type=\"container\" data-e-type=\"container\">\n\t\t\t\t<div class=\"elementor-element elementor-element-cd4c2d6 elementor-widget elementor-widget-heading\" data-id=\"cd4c2d6\" data-element_type=\"widget\" data-e-type=\"widget\" data-widget_type=\"heading.default\">\n\t\t\t\t<div class=\"elementor-widget-container\">\n\t\t\t\t\t<h3 class=\"elementor-heading-title elementor-size-default\">Opskrba trgovina<\/h3>\t\t\t\t<\/div>\n\t\t\t\t<\/div>\n\t\t\t\t<div class=\"elementor-element elementor-element-5ac68c3 elementor-widget elementor-widget-text-editor\" data-id=\"5ac68c3\" data-element_type=\"widget\" data-e-type=\"widget\" data-widget_type=\"text-editor.default\">\n\t\t\t\t<div class=\"elementor-widget-container\">\n\t\t\t\t\t\t\t\t\t<p>Ukoliko razvijate mre\u017eu trgovina u kojima biste \u017eeljeli plasirati svoje proizvode, ili naprotiv, u svojim trgovinama \u017eelite imati u ponudi specifi\u010dne proizvode posebno odabranih proizvo\u0111a\u010da, rado bismo razmotrili na\u010dine na\u0161eg uklju\u010divanja u partnerstvo.<\/p>\t\t\t\t\t\t\t\t<\/div>\n\t\t\t\t<\/div>\n\t\t\t\t<\/div>\n\t\t\t\t\t<\/div>\n\t\t\t\t<\/div>\n\t\t<div class=\"elementor-element elementor-element-c4503eb e-flex e-con-boxed e-con e-parent\" data-id=\"c4503eb\" data-element_type=\"container\" data-e-type=\"container\">\n\t\t\t\t\t<div class=\"e-con-inner\">\n\t\t<div class=\"elementor-element elementor-element-138c82d e-con-full e-flex e-con e-child\" data-id=\"138c82d\" data-element_type=\"container\" data-e-type=\"container\">\n\t\t\t\t<div class=\"elementor-element elementor-element-0977ed2 elementor-widget elementor-widget-image\" data-id=\"0977ed2\" data-element_type=\"widget\" data-e-type=\"widget\" data-widget_type=\"image.default\">\n\t\t\t\t<div class=\"elementor-widget-container\">\n\t\t\t\t\t\t\t\t\t\t\t\t\t\t\t<img loading=\"lazy\" decoding=\"async\" width=\"1024\" height=\"665\" src=\"https:\/\/i0.wp.com\/teameffect.hr\/wp-content\/uploads\/2025\/03\/pexels-jeshoots-com-147458-451590-scaled.webp?fit=1024%2C665&amp;ssl=1\" class=\"attachment-large size-large wp-image-244\" alt=\"selidbe\" srcset=\"https:\/\/i0.wp.com\/teameffect.hr\/wp-content\/uploads\/2025\/03\/pexels-jeshoots-com-147458-451590-scaled.webp?w=1920&amp;ssl=1 1920w, https:\/\/i0.wp.com\/teameffect.hr\/wp-content\/uploads\/2025\/03\/pexels-jeshoots-com-147458-451590-scaled.webp?resize=300%2C195&amp;ssl=1 300w, https:\/\/i0.wp.com\/teameffect.hr\/wp-content\/uploads\/2025\/03\/pexels-jeshoots-com-147458-451590-scaled.webp?resize=1024%2C665&amp;ssl=1 1024w, https:\/\/i0.wp.com\/teameffect.hr\/wp-content\/uploads\/2025\/03\/pexels-jeshoots-com-147458-451590-scaled.webp?resize=768%2C498&amp;ssl=1 768w, https:\/\/i0.wp.com\/teameffect.hr\/wp-content\/uploads\/2025\/03\/pexels-jeshoots-com-147458-451590-scaled.webp?resize=1536%2C997&amp;ssl=1 1536w, https:\/\/i0.wp.com\/teameffect.hr\/wp-content\/uploads\/2025\/03\/pexels-jeshoots-com-147458-451590-scaled.webp?resize=2048%2C1329&amp;ssl=1 2048w\" sizes=\"(max-width: 1024px) 100vw, 1024px\" \/>\t\t\t\t\t\t\t\t\t\t\t\t\t\t\t<\/div>\n\t\t\t\t<\/div>\n\t\t\t\t<\/div>\n\t\t<div class=\"elementor-element elementor-element-2b74c3f e-con-full e-flex e-con e-child\" data-id=\"2b74c3f\" data-element_type=\"container\" data-e-type=\"container\">\n\t\t\t\t<div class=\"elementor-element elementor-element-85e0553 elementor-widget elementor-widget-heading\" data-id=\"85e0553\" data-element_type=\"widget\" data-e-type=\"widget\" data-widget_type=\"heading.default\">\n\t\t\t\t<div class=\"elementor-widget-container\">\n\t\t\t\t\t<h3 class=\"elementor-heading-title elementor-size-default\">Selidbe<\/h3>\t\t\t\t<\/div>\n\t\t\t\t<\/div>\n\t\t\t\t<div class=\"elementor-element elementor-element-9219b2e elementor-widget elementor-widget-text-editor\" data-id=\"9219b2e\" data-element_type=\"widget\" data-e-type=\"widget\" data-widget_type=\"text-editor.default\">\n\t\t\t\t<div class=\"elementor-widget-container\">\n\t\t\t\t\t\t\t\t\t<p>Selidbe, ka\u017eu, \u010dak i kad su dugoo\u010dekivane i pri\u017eeljkivane, uvijek prati znatna koli\u010dina stresa. Mi znamo jako dobro kako taj stres ubla\u017eiti, kako svaku selidbu dobro organizirati i provesti te kako svaku stvar &#8211; vrijednu ili dragu &#8211; na siguran na\u010din prevesti. Obratite nam se s punim povjerenjem, pobrinut \u0107emo se da Vam iskustvo preseljenja uvijek ostane u lijepom sje\u0107anju.<\/p>\t\t\t\t\t\t\t\t<\/div>\n\t\t\t\t<\/div>\n\t\t\t\t<\/div>\n\t\t\t\t\t<\/div>\n\t\t\t\t<\/div>\n\t\t<div class=\"elementor-element elementor-element-d221476 e-flex e-con-boxed e-con e-parent\" data-id=\"d221476\" data-element_type=\"container\" data-e-type=\"container\">\n\t\t\t\t\t<div class=\"e-con-inner\">\n\t\t<div class=\"elementor-element elementor-element-e5344ab e-con-full e-flex e-con e-child\" data-id=\"e5344ab\" data-element_type=\"container\" data-e-type=\"container\">\n\t\t\t\t<div class=\"elementor-element elementor-element-340158c elementor-widget elementor-widget-image\" data-id=\"340158c\" data-element_type=\"widget\" data-e-type=\"widget\" data-widget_type=\"image.default\">\n\t\t\t\t<div class=\"elementor-widget-container\">\n\t\t\t\t\t\t\t\t\t\t\t\t\t\t\t<img loading=\"lazy\" decoding=\"async\" width=\"819\" height=\"1024\" src=\"https:\/\/i0.wp.com\/teameffect.hr\/wp-content\/uploads\/2025\/03\/pexels-mohan-reddy-1263154-3369215-scaled.webp?fit=819%2C1024&amp;ssl=1\" class=\"attachment-large size-large wp-image-254\" alt=\"dostava\" srcset=\"https:\/\/i0.wp.com\/teameffect.hr\/wp-content\/uploads\/2025\/03\/pexels-mohan-reddy-1263154-3369215-scaled.webp?w=1536&amp;ssl=1 1536w, https:\/\/i0.wp.com\/teameffect.hr\/wp-content\/uploads\/2025\/03\/pexels-mohan-reddy-1263154-3369215-scaled.webp?resize=240%2C300&amp;ssl=1 240w, https:\/\/i0.wp.com\/teameffect.hr\/wp-content\/uploads\/2025\/03\/pexels-mohan-reddy-1263154-3369215-scaled.webp?resize=819%2C1024&amp;ssl=1 819w, https:\/\/i0.wp.com\/teameffect.hr\/wp-content\/uploads\/2025\/03\/pexels-mohan-reddy-1263154-3369215-scaled.webp?resize=768%2C960&amp;ssl=1 768w, https:\/\/i0.wp.com\/teameffect.hr\/wp-content\/uploads\/2025\/03\/pexels-mohan-reddy-1263154-3369215-scaled.webp?resize=1229%2C1536&amp;ssl=1 1229w, https:\/\/i0.wp.com\/teameffect.hr\/wp-content\/uploads\/2025\/03\/pexels-mohan-reddy-1263154-3369215-scaled.webp?resize=1639%2C2048&amp;ssl=1 1639w\" sizes=\"(max-width: 819px) 100vw, 819px\" \/>\t\t\t\t\t\t\t\t\t\t\t\t\t\t\t<\/div>\n\t\t\t\t<\/div>\n\t\t\t\t<\/div>\n\t\t<div class=\"elementor-element elementor-element-da44cbd e-con-full e-flex e-con e-child\" data-id=\"da44cbd\" data-element_type=\"container\" data-e-type=\"container\">\n\t\t\t\t<div class=\"elementor-element elementor-element-5647033 elementor-widget elementor-widget-heading\" data-id=\"5647033\" data-element_type=\"widget\" data-e-type=\"widget\" data-widget_type=\"heading.default\">\n\t\t\t\t<div class=\"elementor-widget-container\">\n\t\t\t\t\t<h3 class=\"elementor-heading-title elementor-size-default\">Dostava iz trgova\u010dkih centara<\/h3>\t\t\t\t<\/div>\n\t\t\t\t<\/div>\n\t\t\t\t<div class=\"elementor-element elementor-element-2d3a0f6 elementor-widget elementor-widget-text-editor\" data-id=\"2d3a0f6\" data-element_type=\"widget\" data-e-type=\"widget\" data-widget_type=\"text-editor.default\">\n\t\t\t\t<div class=\"elementor-widget-container\">\n\t\t\t\t\t\t\t\t\t<p>Osje\u0107aj ugodnog doma mo\u017ee se posti\u0107i pomo\u0107u raznih stvari: od sitnih do velikih, pa sve do glomaznih. Ponekad ih nije sve mogu\u0107e jednostavno strpati u vre\u0107icu i odnijeti ku\u0107i. Ponekad ne stanu ni u standardno osobno vozilo prosje\u010dnih gabarita. Nekad i sama udaljenost trgova\u010dkog centra mo\u017ee biti prepreka. Kakav god razlog se isprije\u010dio, s veseljem \u0107emo ga otkloniti za Vas! S na\u0161im kombi vozilima i ljubaznim timom mo\u017eete biti sigurni da \u0107e Va\u0161 novi namje\u0161taj, televizor ili bijela tehnika sretno sti\u0107i ku\u0107i.<\/p>\t\t\t\t\t\t\t\t<\/div>\n\t\t\t\t<\/div>\n\t\t\t\t<\/div>\n\t\t\t\t\t<\/div>\n\t\t\t\t<\/div>\n\t\t<div class=\"elementor-element elementor-element-a60196c e-flex e-con-boxed e-con e-parent\" data-id=\"a60196c\" data-element_type=\"container\" data-e-type=\"container\" data-settings=\"{&quot;background_background&quot;:&quot;classic&quot;}\">\n\t\t\t\t\t<div class=\"e-con-inner\">\n\t\t\t\t<div class=\"elementor-element elementor-element-0694e04 elementor-widget elementor-widget-heading\" data-id=\"0694e04\" data-element_type=\"widget\" data-e-type=\"widget\" data-widget_type=\"heading.default\">\n\t\t\t\t<div class=\"elementor-widget-container\">\n\t\t\t\t\t<h3 class=\"elementor-heading-title elementor-size-default\">Team Effect<\/h3>\t\t\t\t<\/div>\n\t\t\t\t<\/div>\n\t\t\t\t<div class=\"elementor-element elementor-element-b86b3e5 elementor-widget elementor-widget-text-editor\" data-id=\"b86b3e5\" data-element_type=\"widget\" data-e-type=\"widget\" data-widget_type=\"text-editor.default\">\n\t\t\t\t<div class=\"elementor-widget-container\">\n\t\t\t\t\t\t\t\t\t<p>pouzdan, siguran, efikasan<\/p><p>u svim uvjetima<\/p>\t\t\t\t\t\t\t\t<\/div>\n\t\t\t\t<\/div>\n\t\t\t\t\t<\/div>\n\t\t\t\t<\/div>\n\t\t\t\t<\/div>\n\t\t","protected":false},"excerpt":{"rendered":"<p>Usluge Kontaktirajte nas za ponudu Cestovni prijevoz Team Effect je obrt specijaliziran za cestovni prijevoz robe. Opremljeni smo kvalitetnim kombi [&hellip;]<\/p>\n","protected":false},"author":1,"featured_media":0,"parent":0,"menu_order":2,"comment_status":"closed","ping_status":"closed","template":"","meta":{"nf_dc_page":"","site-sidebar-layout":"no-sidebar","site-content-layout":"","ast-site-content-layout":"full-width-container","site-content-style":"default","site-sidebar-style":"default","ast-global-header-display":"","ast-banner-title-visibility":"","ast-main-header-display":"","ast-hfb-above-header-display":"","ast-hfb-below-header-display":"","ast-hfb-mobile-header-display":"","site-post-title":"disabled","ast-breadcrumbs-content":"","ast-featured-img":"disabled","footer-sml-layout":"","ast-disable-related-posts":"","theme-transparent-header-meta":"","adv-header-id-meta":"","stick-header-meta":"","header-above-stick-meta":"","header-main-stick-meta":"","header-below-stick-meta":"","astra-migrate-meta-layouts":"default","ast-page-background-enabled":"default","ast-page-background-meta":{"desktop":{"background-color":"var(--ast-global-color-5)","background-image":"","background-repeat":"repeat","background-position":"center center","background-size":"auto","background-attachment":"scroll","background-type":"","background-media":"","overlay-type":"","overlay-color":"","overlay-opacity":"","overlay-gradient":""},"tablet":{"background-color":"","background-image":"","background-repeat":"repeat","background-position":"center center","background-size":"auto","background-attachment":"scroll","background-type":"","background-media":"","overlay-type":"","overlay-color":"","overlay-opacity":"","overlay-gradient":""},"mobile":{"background-color":"","background-image":"","background-repeat":"repeat","background-position":"center center","background-size":"auto","background-attachment":"scroll","background-type":"","background-media":"","overlay-type":"","overlay-color":"","overlay-opacity":"","overlay-gradient":""}},"ast-content-background-meta":{"desktop":{"background-color":"var(--ast-global-color-4)","background-image":"","background-repeat":"repeat","background-position":"center center","background-size":"auto","background-attachment":"scroll","background-type":"","background-media":"","overlay-type":"","overlay-color":"","overlay-opacity":"","overlay-gradient":""},"tablet":{"background-color":"var(--ast-global-color-4)","background-image":"","background-repeat":"repeat","background-position":"center center","background-size":"auto","background-attachment":"scroll","background-type":"","background-media":"","overlay-type":"","overlay-color":"","overlay-opacity":"","overlay-gradient":""},"mobile":{"background-color":"var(--ast-global-color-4)","background-image":"","background-repeat":"repeat","background-position":"center center","background-size":"auto","background-attachment":"scroll","background-type":"","background-media":"","overlay-type":"","overlay-color":"","overlay-opacity":"","overlay-gradient":""}},"footnotes":""},"class_list":["post-223","page","type-page","status-publish","hentry"],"aioseo_notices":[],"jetpack_sharing_enabled":true,"_links":{"self":[{"href":"https:\/\/teameffect.hr\/hr\/wp-json\/wp\/v2\/pages\/223","targetHints":{"allow":["GET"]}}],"collection":[{"href":"https:\/\/teameffect.hr\/hr\/wp-json\/wp\/v2\/pages"}],"about":[{"href":"https:\/\/teameffect.hr\/hr\/wp-json\/wp\/v2\/types\/page"}],"author":[{"embeddable":true,"href":"https:\/\/teameffect.hr\/hr\/wp-json\/wp\/v2\/users\/1"}],"replies":[{"embeddable":true,"href":"https:\/\/teameffect.hr\/hr\/wp-json\/wp\/v2\/comments?post=223"}],"version-history":[{"count":20,"href":"https:\/\/teameffect.hr\/hr\/wp-json\/wp\/v2\/pages\/223\/revisions"}],"predecessor-version":[{"id":548,"href":"https:\/\/teameffect.hr\/hr\/wp-json\/wp\/v2\/pages\/223\/revisions\/548"}],"wp:attachment":[{"href":"https:\/\/teameffect.hr\/hr\/wp-json\/wp\/v2\/media?parent=223"}],"curies":[{"name":"wp","href":"https:\/\/api.w.org\/{rel}","templated":true}]}}