{"id":269,"date":"2025-03-24T14:18:44","date_gmt":"2025-03-24T14:18:44","guid":{"rendered":"https:\/\/teameffect.hr\/?page_id=269"},"modified":"2025-03-25T21:04:14","modified_gmt":"2025-03-25T21:04:14","slug":"pravila-privatnosti","status":"publish","type":"page","link":"https:\/\/teameffect.hr\/hr\/pravila-privatnosti\/","title":{"rendered":"Pravila privatnosti"},"content":{"rendered":"\t\t<div data-elementor-type=\"wp-page\" data-elementor-id=\"269\" class=\"elementor elementor-269\">\n\t\t\t\t<div class=\"elementor-element elementor-element-70b04c9 e-flex e-con-boxed e-con e-parent\" data-id=\"70b04c9\" data-element_type=\"container\" data-e-type=\"container\" data-settings=\"{&quot;shape_divider_top&quot;:&quot;clouds&quot;,&quot;shape_divider_bottom&quot;:&quot;mountains&quot;,&quot;background_background&quot;:&quot;classic&quot;}\">\n\t\t\t\t\t<div class=\"e-con-inner\">\n\t\t\t\t<div class=\"elementor-shape elementor-shape-top\" aria-hidden=\"true\" data-negative=\"false\">\n\t\t\t<svg xmlns=\"http:\/\/www.w3.org\/2000\/svg\" viewBox=\"0 0 283.5 27.8\" preserveAspectRatio=\"xMidYMax slice\">\n  <path class=\"elementor-shape-fill\" d=\"M0 0v6.7c1.9-.8 4.7-1.4 8.5-1 9.5 1.1 11.1 6 11.1 6s2.1-.7 4.3-.2c2.1.5 2.8 2.6 2.8 2.6s.2-.5 1.4-.7c1.2-.2 1.7.2 1.7.2s0-2.1 1.9-2.8c1.9-.7 3.6.7 3.6.7s.7-2.9 3.1-4.1 4.7 0 4.7 0 1.2-.5 2.4 0 1.7 1.4 1.7 1.4h1.4c.7 0 1.2.7 1.2.7s.8-1.8 4-2.2c3.5-.4 5.3 2.4 6.2 4.4.4-.4 1-.7 1.8-.9 2.8-.7 4 .7 4 .7s1.7-5 11.1-6c9.5-1.1 12.3 3.9 12.3 3.9s1.2-4.8 5.7-5.7c4.5-.9 6.8 1.8 6.8 1.8s.6-.6 1.5-.9c.9-.2 1.9-.2 1.9-.2s5.2-6.4 12.6-3.3c7.3 3.1 4.7 9 4.7 9s1.9-.9 4 0 2.8 2.4 2.8 2.4 1.9-1.2 4.5-1.2 4.3 1.2 4.3 1.2.2-1 1.4-1.7 2.1-.7 2.1-.7-.5-3.1 2.1-5.5 5.7-1.4 5.7-1.4 1.5-2.3 4.2-1.1c2.7 1.2 1.7 5.2 1.7 5.2s.3-.1 1.3.5c.5.4.8.8.9 1.1.5-1.4 2.4-5.8 8.4-4 7.1 2.1 3.5 8.9 3.5 8.9s.8-.4 2 0 1.1 1.1 1.1 1.1 1.1-1.1 2.3-1.1 2.1.5 2.1.5 1.9-3.6 6.2-1.2 1.9 6.4 1.9 6.4 2.6-2.4 7.4 0c3.4 1.7 3.9 4.9 3.9 4.9s3.3-6.9 10.4-7.9 11.5 2.6 11.5 2.6.8 0 1.2.2c.4.2.9.9.9.9s4.4-3.1 8.3.2c1.9 1.7 1.5 5 1.5 5s.3-1.1 1.6-1.4c1.3-.3 2.3.2 2.3.2s-.1-1.2.5-1.9 1.9-.9 1.9-.9-4.7-9.3 4.4-13.4c5.6-2.5 9.2.9 9.2.9s5-6.2 15.9-6.2 16.1 8.1 16.1 8.1.7-.2 1.6-.4V0H0z\"\/>\n<\/svg>\n\t\t<\/div>\n\t\t\t\t<div class=\"elementor-shape elementor-shape-bottom\" aria-hidden=\"true\" data-negative=\"false\">\n\t\t\t<svg xmlns=\"http:\/\/www.w3.org\/2000\/svg\" viewBox=\"0 0 1000 100\" preserveAspectRatio=\"none\">\n\t<path class=\"elementor-shape-fill\" opacity=\"0.33\" d=\"M473,67.3c-203.9,88.3-263.1-34-320.3,0C66,119.1,0,59.7,0,59.7V0h1000v59.7 c0,0-62.1,26.1-94.9,29.3c-32.8,3.3-62.8-12.3-75.8-22.1C806,49.6,745.3,8.7,694.9,4.7S492.4,59,473,67.3z\"\/>\n\t<path class=\"elementor-shape-fill\" opacity=\"0.66\" d=\"M734,67.3c-45.5,0-77.2-23.2-129.1-39.1c-28.6-8.7-150.3-10.1-254,39.1 s-91.7-34.4-149.2,0C115.7,118.3,0,39.8,0,39.8V0h1000v36.5c0,0-28.2-18.5-92.1-18.5C810.2,18.1,775.7,67.3,734,67.3z\"\/>\n\t<path class=\"elementor-shape-fill\" d=\"M766.1,28.9c-200-57.5-266,65.5-395.1,19.5C242,1.8,242,5.4,184.8,20.6C128,35.8,132.3,44.9,89.9,52.5C28.6,63.7,0,0,0,0 h1000c0,0-9.9,40.9-83.6,48.1S829.6,47,766.1,28.9z\"\/>\n<\/svg>\t\t<\/div>\n\t\t\t\t<div class=\"elementor-element elementor-element-7d7bd86 elementor-widget elementor-widget-text-editor\" data-id=\"7d7bd86\" data-element_type=\"widget\" data-e-type=\"widget\" data-widget_type=\"text-editor.default\">\n\t\t\t\t<div class=\"elementor-widget-container\">\n\t\t\t\t\t\t\t\t\t<p><strong>Pravila privatnosti<\/strong><\/p><p>Posve\u0107ujemo veliku pozornost za\u0161titi osobnih podataka na\u0161ih korisnika.<\/p><p>Osobnim podacima smatraju se podaci kojima se korisnici mogu identificirati, poput imena, spola, adrese, e-maila ili po\u0161tanske adrese i drugog. Mi ne prikupljamo Va\u0161e osobne podatke osim u slu\u010daju kada ste ih sami u\u010dinili dostupnima, \u010dime pristajete odnosno dajete privolu na njihovo kori\u0161tenje u to\u010dno navedene svrhe (\u010dlanak 6. stavak 1. Op\u0107e uredbe o za\u0161titi podataka).<\/p><p>U tom slu\u010daju Va\u0161e osobne podatke koristit \u0107emo za potrebe tehni\u010dkog upravljanja internetskim stranicama, analize te dostave op\u0107ih informacija i individualiziranih ponuda, dakle za potrebe poslovne komunikacije.<\/p><p>Na na\u0161oj web stranici koristimo tehnologiju takozvanih internetskih kola\u010di\u0107a kako bismo mogli pru\u017eati na\u0161u online uslugu, analizirati kori\u0161tenje sadr\u017eaja, kao i za ostale funkcionalnosti koje ne bismo mogli pru\u017eati bez kori\u0161tenja kola\u010di\u0107a.<\/p><p>Korisnik odlu\u010duje koje \u0107e podatke o sebi u\u010diniti nama dostupnima i u koju svrhu. Isto tako mo\u017ee dati pisanu izjavu o povla\u010denju privole za njihovo kori\u0161tenje. Po primitku izjave o povla\u010denju privole, pisanim putem \u0107emo potvrditi primitak, a osobni podaci koji su obuhva\u0107eni izjavom o povla\u010denju se vi\u0161e ne\u0107e obra\u0111ivati po\u010dev\u0161i od datuma povla\u010denja privole. Napominjemo kako sve obrade i\/ili prijenosi u\u010dinjeni do datuma povla\u010denja privole i dalje ostaju pravno valjani.<\/p><p>Osim prava na povla\u010denje privole korisnici, u skladu s va\u017ee\u0107im propisima o za\u0161titi podataka, imaju pravo na pristup i potvrdu u vezi s osobnim podacima, pravo na ispravak, pravo brisanja, pravo na ograni\u010denje obrade, pravo na prenosivost podataka te pravo na prigovor nadzornom tijelu za za\u0161titu podataka.<\/p><p>Ula\u017eemo velike napore kako bi osigurali sigurnost osobnih podataka te uskla\u0111enost s va\u017ee\u0107im propisima o za\u0161titi podataka poput Op\u0107e uredbe o za\u0161titi podataka, Zakona o provedbi op\u0107e uredbe o za\u0161titi podataka i drugo. Napominjemo kako su Va\u0161i podaci savjesno za\u0161ti\u0107eni od gubitka, uni\u0161tenja, manipulacije, neovla\u0161tenoga pristupa i neovla\u0161tenog izdavanja.<\/p><p><strong>Politika prikupljanja kola\u010di\u0107a<\/strong><\/p><p>Kola\u010di\u0107i (engl. cookies) omogu\u0107uju prikupljanje statisti\u010dkih podataka o pona\u0161anju korisnika na Internet stranicama, npr. na kojim dijelovima Internet stranice se korisnici zadr\u017eavaju najdu\u017ee, a na kojim najkra\u0107e; koji se Internet preglednik koristi i sli\u010dno.<\/p><p>Kola\u010di\u0107 je mali paket podataka koji poslu\u017eitelj \u0161alje\u00a0na ra\u010dunalo korisnika svaki put kad posjetite web stranicu putem preglednika, a slu\u017ei kao anonimni identifikator. U svakom sljede\u0107em posjetu preglednik \u0161alje ove kola\u010di\u0107e web stranici koja ih je kreirala ili na drugu web stranicu. Kola\u010di\u0107i omogu\u0107uju web stranicama pohranu odre\u0111enih podataka kako bi se omogu\u0107ilo jednostavnije i br\u017ee pregledavanje web stranica. Svrha kola\u010di\u0107a je pobolj\u0161anje korisni\u010dkog iskustva prilikom upotrebe Internet stranice.<\/p><p>Postoji vi\u0161e tipova kola\u010di\u0107a koji imaju razli\u010dite karakteristike, ovisno o njihovoj svrsi: funkcionalni, analiti\u010dki, statisti\u010dki i marketin\u0161ki.<\/p><p>Podaci pohranjeni kori\u0161tenjem kola\u010di\u0107a ne sadr\u017ee osobne detalje iz kojih bi se mogao utvrditi identitet korisnika. Suglasnost za kola\u010di\u0107e na na\u0161oj web stranici mo\u017eete povu\u0107i kada god \u017eelite. Kola\u010di\u0107e mo\u017eete obrisati ili blokirati kroz svoj internetski preglednik ili koriste\u0107i druge programske dodatke.<\/p><p>Napominjemo kako onemogu\u0107avanje svih kola\u010di\u0107a mo\u017ee uzrokovati probleme u funkcioniranju stranice.<\/p><p>Neki podaci, poput vrste preglednika koji koristite, broja posjeta, prosje\u010dnog vremena provedenog na stranicama, pregledavani sadr\u017eaj i sli\u010dni obra\u0111uju automatski prilikom pristupa stranici i koriste se isklju\u010divo u svrhu unaprje\u0111enja funkcionalnosti na\u0161e stranice.<\/p>\t\t\t\t\t\t\t\t<\/div>\n\t\t\t\t<\/div>\n\t\t\t\t\t<\/div>\n\t\t\t\t<\/div>\n\t\t\t\t<\/div>\n\t\t","protected":false},"excerpt":{"rendered":"<p>Pravila privatnosti Posve\u0107ujemo veliku pozornost za\u0161titi osobnih podataka na\u0161ih korisnika. Osobnim podacima smatraju se podaci kojima se korisnici mogu identificirati, [&hellip;]<\/p>\n","protected":false},"author":1,"featured_media":0,"parent":0,"menu_order":5,"comment_status":"closed","ping_status":"closed","template":"","meta":{"nf_dc_page":"","site-sidebar-layout":"no-sidebar","site-content-layout":"","ast-site-content-layout":"full-width-container","site-content-style":"default","site-sidebar-style":"default","ast-global-header-display":"","ast-banner-title-visibility":"","ast-main-header-display":"","ast-hfb-above-header-display":"","ast-hfb-below-header-display":"","ast-hfb-mobile-header-display":"","site-post-title":"disabled","ast-breadcrumbs-content":"","ast-featured-img":"disabled","footer-sml-layout":"","ast-disable-related-posts":"","theme-transparent-header-meta":"","adv-header-id-meta":"","stick-header-meta":"","header-above-stick-meta":"","header-main-stick-meta":"","header-below-stick-meta":"","astra-migrate-meta-layouts":"default","ast-page-background-enabled":"default","ast-page-background-meta":{"desktop":{"background-color":"var(--ast-global-color-5)","background-image":"","background-repeat":"repeat","background-position":"center center","background-size":"auto","background-attachment":"scroll","background-type":"","background-media":"","overlay-type":"","overlay-color":"","overlay-opacity":"","overlay-gradient":""},"tablet":{"background-color":"","background-image":"","background-repeat":"repeat","background-position":"center center","background-size":"auto","background-attachment":"scroll","background-type":"","background-media":"","overlay-type":"","overlay-color":"","overlay-opacity":"","overlay-gradient":""},"mobile":{"background-color":"","background-image":"","background-repeat":"repeat","background-position":"center center","background-size":"auto","background-attachment":"scroll","background-type":"","background-media":"","overlay-type":"","overlay-color":"","overlay-opacity":"","overlay-gradient":""}},"ast-content-background-meta":{"desktop":{"background-color":"var(--ast-global-color-4)","background-image":"","background-repeat":"repeat","background-position":"center center","background-size":"auto","background-attachment":"scroll","background-type":"","background-media":"","overlay-type":"","overlay-color":"","overlay-opacity":"","overlay-gradient":""},"tablet":{"background-color":"var(--ast-global-color-4)","background-image":"","background-repeat":"repeat","background-position":"center center","background-size":"auto","background-attachment":"scroll","background-type":"","background-media":"","overlay-type":"","overlay-color":"","overlay-opacity":"","overlay-gradient":""},"mobile":{"background-color":"var(--ast-global-color-4)","background-image":"","background-repeat":"repeat","background-position":"center center","background-size":"auto","background-attachment":"scroll","background-type":"","background-media":"","overlay-type":"","overlay-color":"","overlay-opacity":"","overlay-gradient":""}},"footnotes":""},"class_list":["post-269","page","type-page","status-publish","hentry"],"aioseo_notices":[],"jetpack_sharing_enabled":true,"_links":{"self":[{"href":"https:\/\/teameffect.hr\/hr\/wp-json\/wp\/v2\/pages\/269","targetHints":{"allow":["GET"]}}],"collection":[{"href":"https:\/\/teameffect.hr\/hr\/wp-json\/wp\/v2\/pages"}],"about":[{"href":"https:\/\/teameffect.hr\/hr\/wp-json\/wp\/v2\/types\/page"}],"author":[{"embeddable":true,"href":"https:\/\/teameffect.hr\/hr\/wp-json\/wp\/v2\/users\/1"}],"replies":[{"embeddable":true,"href":"https:\/\/teameffect.hr\/hr\/wp-json\/wp\/v2\/comments?post=269"}],"version-history":[{"count":13,"href":"https:\/\/teameffect.hr\/hr\/wp-json\/wp\/v2\/pages\/269\/revisions"}],"predecessor-version":[{"id":405,"href":"https:\/\/teameffect.hr\/hr\/wp-json\/wp\/v2\/pages\/269\/revisions\/405"}],"wp:attachment":[{"href":"https:\/\/teameffect.hr\/hr\/wp-json\/wp\/v2\/media?parent=269"}],"curies":[{"name":"wp","href":"https:\/\/api.w.org\/{rel}","templated":true}]}}